{"id":1083,"date":"2019-10-02T09:50:41","date_gmt":"2019-10-02T07:50:41","guid":{"rendered":"https:\/\/trainingcoachingsquare.be\/business-manager\/privacy\/"},"modified":"2020-02-17T18:34:17","modified_gmt":"2020-02-17T16:34:17","slug":"privacy","status":"publish","type":"page","link":"https:\/\/trainingcoachingsquare.be\/business-manager\/fr\/privacy\/","title":{"rendered":"Politique de Confidentialit\u00e9"},"content":{"rendered":"\n\n<section id=\"block-page-hero-block_5d94faca3ff91\" class=\"c-section -hero \">\n  <div class=\"c-hero -half\">\n    <div class=\"c-hero__layer  content \">\n            <img decoding=\"async\" src=\"\" data-src=\"\" alt=\"\" class=\"c-hero__thumb lazy\" style=\"object-position: center;\">\n          <\/div>\n    <div class=\"c-hero__inner\">\n      <div class=\"c-hero__content\">\n        <div class=\"container\">\n          <div class=\"row\">\n            <div class=\"col-md-10 col-md-offset-1\">\n                                          <div class=\"c-hero__heading\">\n                <h3>Politique de Confidentialit\u00e9<\/h3>\n              <\/div>\n                          <\/div>\n          <\/div>\n        <\/div>\n      <\/div>\n    <\/div>\n  <\/div>\n<\/section>\n<style type=\"text\/css\">\n\n<\/style>\n\n\n\n<h2 class=\"wp-block-heading\">Politique de Confidentialit\u00e9 Training &amp; Coaching Square<\/h2>\n\n\n\n<p>La derni\u00e8re actualisation de la pr\u00e9sente page a \u00e9t\u00e9 r\u00e9alis\u00e9e le&nbsp;31\/01\/2020.<\/p>\n\n\n\n<p>Nous sommes pleinement conscients de la confiance que vous nous accordez et sommes, par cons\u00e9quent, responsables de prot\u00e9ger votre confidentialit\u00e9. Afin que vous soyez pr\u00e9cis\u00e9ment inform\u00e9 de la mani\u00e8re dont nous travaillons, la pr\u00e9sente page vous informe des donn\u00e9es que nous collectons lors de l\u2019utilisation de notre site, la raison pour laquelle nous collectons ces donn\u00e9es et la mani\u00e8re dont nous am\u00e9liorons votre exp\u00e9rience d\u2019utilisation.&nbsp;<br><br>La pr\u00e9sente politique de confidentialit\u00e9 s\u2019applique aux services de Training &amp; Coaching Square. &nbsp;Training &amp; Coaching Square ne peut pas \u00eatre tenu responsable de la politique de confidentialit\u00e9 d\u2019autres sites et sources. Par l\u2019utilisation du pr\u00e9sent site, vous d\u00e9clarez accepter notre politique de confidentialit\u00e9.&nbsp;<br><br>Training &amp; Coaching Square respecte la confidentialit\u00e9 de tous les utilisateurs de son site et veille au traitement confidentiel des donn\u00e9es \u00e0 caract\u00e8re personnel que vous nous transmettez.<\/p>\n\n\n\n<h3 class=\"wp-block-heading\">INSCRIPTIONS<\/h3>\n\n\n\n<p>Lors de votre inscription \u00e0 une de nos formations, vous \u00eates invit\u00e9 \u00e0 nous fournir des donn\u00e9es \u00e0 caract\u00e8re personnel. Ces donn\u00e9es sont utilis\u00e9es en vue de la validation de votre inscription et sont stock\u00e9es dans notre syst\u00e8me CMS.<br><\/p>\n\n\n\n<h3 class=\"wp-block-heading\">COMMUNICATION<\/h3>\n\n\n\n<p>En vue de traiter vos questions et de r\u00e9pondre \u00e0 vos demandes, il est possible que nous conservions les e-mails ou autres messages qui nous sont adress\u00e9s et que nous vous demandions occasionnellement des donn\u00e9es \u00e0 caract\u00e8re personnel, pertinentes pour la situation en question. &nbsp;Les donn\u00e9es \u00e0 caract\u00e8re personnel sont stock\u00e9es dans notre syst\u00e8me CMS.<\/p>\n\n\n\n<h3 class=\"wp-block-heading\">COOKIES<\/h3>\n\n\n\n<p>Nous collectons les donn\u00e9es en vue de leur analyse, ce qui nous permet de mieux comprendre nos clients et d\u2019adapter nos services en cons\u00e9quence.<\/p>\n\n\n\n<p>Notre site (trainingandcoachingsquare.be) utilise des \u201ccookies\u201d (fichiers textes plac\u00e9s sur votre ordinateur) afin d\u2019aider le site \u00e0 analyser le type de navigation des utilisateurs. Nous utilisons cette information afin de comprendre la mani\u00e8re dont vous utilisez le site, de r\u00e9diger des rapports sur l\u2019activit\u00e9 du site et d\u2019offrir d\u2019autres services li\u00e9s \u00e0 l\u2019activit\u00e9 du site et \u00e0 l\u2019utilisation d\u2019internet.<br><\/p>\n\n\n\n<h3 class=\"wp-block-heading\">GOOGLE ANALYTICS<\/h3>\n\n\n\n<p>Le pr\u00e9sent site utilise un cookie de la soci\u00e9t\u00e9 am\u00e9ricaine Google. Ce cookie nous permet de connaitre le nombre et la mani\u00e8re dont les visiteurs utilisent le site en vue de nous aider \u00e0 l\u2019am\u00e9liorer. Google peut transmettre cette information \u00e0 des tiers si ceux-ci traitent cette information au nom de Google ou si Google y est l\u00e9galement contraint.&nbsp;&nbsp;<\/p>\n\n\n\n<p>L\u2019information collect\u00e9e par Google est d\u00e9personnalis\u00e9e autant que possible. Votre adresse IP ou autres donn\u00e9es \u00e0 caract\u00e8re personnel (nom, donn\u00e9es de paiement, etc.) ne sont pas explicitement communiqu\u00e9es.<br><br>L\u2019information est enregistr\u00e9e par Google sur des serveurs qui se situent notamment aux Etats-Unis. Google respecte les principes de \u2018Safe Harbor\u2019 et adh\u00e8re au programme Safe Harbor du Minist\u00e8re du Commerce am\u00e9ricain, qui consiste en un niveau de protection ad\u00e9quat pour le traitement des \u00e9ventuelles donn\u00e9es \u00e0 caract\u00e8re personnel.&nbsp;<br><\/p>\n\n\n\n<h3 class=\"wp-block-heading\">RESEAUX SOCIAUX : FACEBOOK, LINKEDIN ET TWITTER (COOKIES TIERS)<\/h3>\n\n\n\n<p>Le pr\u00e9sent site comprend \u00e9galement des boutons afin de pouvoir promouvoir des pages ou partager sur les r\u00e9seaux sociaux Facebook, LinkedIn et Twitter. Ces boutons de r\u00e9seaux sociaux font appel \u00e0 des cookies tiers (Facebook, LinkedIn &amp; Twitter). Ces cookies ne sont toutefois plac\u00e9s que lorsque vous cliquez sur ces liens.<\/p>\n\n\n\n<h3 class=\"wp-block-heading\">REFUSER LES COOKIES<\/h3>\n\n\n\n<p>La plupart des browsers acceptent les cookies de mani\u00e8re standard. Toutefois, il vous est possible de param\u00e9trer votre browser afin de refuser tous les cookies ou indiquer quand un cookie est envoy\u00e9. Il est, cependant, possible que certaines fonctions et services de notre site ou d\u2019autres ne fonctionnent pas correctement apr\u00e8s la d\u00e9connexion des cookies de votre browser.<br><\/p>\n\n\n\n<h3 class=\"wp-block-heading\">OBJECTIFS<\/h3>\n\n\n\n<p>Sous r\u00e9serve de votre consentement pr\u00e9alable, nous ne collectons ni n\u2019utilisons aucune information \u00e0 d\u2019autres fins que celles d\u00e9crites dans la pr\u00e9sente politique de confidentialit\u00e9.&nbsp;<\/p>\n\n\n\n<h3 class=\"wp-block-heading\">DROITS DE PROPRIETE INTELLECTUELLE<\/h3>\n\n\n\n<p>Le contenu du pr\u00e9sent site, y compris les marques, logos, dessins, donn\u00e9es, noms de produits ou d\u2019entreprises, textes, images etc. sont prot\u00e9g\u00e9s par des droits de propri\u00e9t\u00e9 intellectuelle et appartiennent \u00e0 Training &amp; Coaching Square ou \u00e0 des tiers ayant droit.<\/p>\n\n\n\n<h3 class=\"wp-block-heading\">TIERS<\/h3>\n\n\n\n<p>Les donn\u00e9es \u00e0 caract\u00e8re personnel sont communiqu\u00e9es aux pairs au cours de la formation dans un environnement prot\u00e9g\u00e9. Les pairs peuvent prendre contact en vue de la r\u00e9alisation conjointe d\u2019exercices et de vid\u00e9os.&nbsp;<\/p>\n\n\n\n<p>Les donn\u00e9es \u00e0 caract\u00e8re personnel sont communiqu\u00e9es aux formateurs pertinents qui les utilisent uniquement pendant la dur\u00e9e de la formation. Nos employ\u00e9s sont oblig\u00e9s de respecter la confidentialit\u00e9 de vos donn\u00e9es \u00e0 caract\u00e8re personnel.<br><\/p>\n\n\n\n<h3 class=\"wp-block-heading\">MODIFICATIONS<\/h3>\n\n\n\n<p>La pr\u00e9sente d\u00e9claration de confidentialit\u00e9 est adapt\u00e9e \u00e0 l\u2019utilisation et aux possibilit\u00e9s de notre site. D\u2019\u00e9ventuelles adaptations et\/ou modifications du pr\u00e9sent site peuvent mener \u00e0 des modifications de la pr\u00e9sente politique de confidentialit\u00e9. Par cons\u00e9quent, nous vous conseillons de consulter r\u00e9guli\u00e8rement la pr\u00e9sente politique de confidentialit\u00e9.<\/p>\n\n\n\n<h3 class=\"wp-block-heading\">LIMITE DE RESPONSABILITE<\/h3>\n\n\n\n<p>L\u2019information sur le site est de caract\u00e8re g\u00e9n\u00e9ral. L\u2019information n\u2019est pas adapt\u00e9e aux circonstances personnelles ou sp\u00e9cifiques et ne peut donc pas \u00eatre consid\u00e9r\u00e9e par l\u2019utilisateur comme un avis personnel, professionnel ou juridique.<\/p>\n\n\n\n<p>Training &amp; Coaching Square met tout en \u0153uvre pour que l\u2019information mise \u00e0 disposition soit compl\u00e8te, exacte, pr\u00e9cise et actualis\u00e9e. Malgr\u00e9 ces efforts, des inexactitudes peuvent se produire dans l\u2019information mise \u00e0 disposition. En cas d\u2019inexactitude de l\u2019information fournie, d\u2019indisponibilit\u00e9 d\u2019information sp\u00e9cifique sur ou \u00e0 travers le site, Training &amp; Coaching Square s\u2019efforcera de rectifier dans les plus brefs d\u00e9lais.<br><\/p>\n\n\n\n<p>En outre, Training &amp; Coaching Square ne se porte pas responsable des dommages directs ou indirects r\u00e9sultant de l\u2019utilisation de l\u2019information pr\u00e9sent\u00e9e sur le pr\u00e9sent site.&nbsp;<br><br>En cas de constat d\u2019inexactitudes dans l\u2019information divulgu\u00e9e au moyen du pr\u00e9sent site, veuillez contacter l\u2019administrateur du site.&nbsp;<br><br>Le contenu du site (y compris les liens) peut, en tout moment, sans communication ou annonce pr\u00e9alable, \u00eatre modifi\u00e9 ou compl\u00e9t\u00e9. Training &amp; Coaching Square ne garantit pas le bon fonctionnement du site et ne peut nullement \u00eatre tenu responsable du fonctionnement incorrect, d\u2019une indisponibilit\u00e9 temporaire du site ou de toute autre forme de dommage, direct ou indirect pouvant r\u00e9sulter de l\u2019acc\u00e8s ou de l\u2019utilisation du site.&nbsp;<br><br>Training &amp; Coaching Square ne peut, en aucun cas, \u00eatre port\u00e9 responsable envers qui que ce soit, de mani\u00e8re directe ou indirecte, de mani\u00e8re sp\u00e9cifique ou de toute autre mani\u00e8re, d\u2019un dommage d\u00fb \u00e0 l\u2019utilisation du pr\u00e9sent site ou d\u2019un autre, en particulier r\u00e9sultant de liens ou hyperliens, y compris mais sans \u00eatre limit\u00e9 \u00e0, toutes les pertes, interruptions de travail, d\u00e9t\u00e9riorations des programmes ou d\u2019autres donn\u00e9es du syst\u00e8me informatique, des appareils, de la programmation ou autres de l\u2019utilisateur.&nbsp;<br><br>Le site peut comporter des hyperliens vers des sites ou pages de tiers, ou s\u2019y r\u00e9f\u00e9rer indirectement. &nbsp;Le placement de liens vers ces sites ou pages n\u2019implique nullement une approbation implicite de leur contenu.&nbsp;<br><br>Training &amp; Coaching Square d\u00e9clare express\u00e9ment ne pas \u00eatre responsable du contenu ou autres caract\u00e9ristiques de ces sites et ne peut, en aucun cas, \u00eatre tenu responsable de leur contenu ou&nbsp; caract\u00e9ristiques, ou de toute forme de dommage r\u00e9sultant de leur utilisation.<\/p>\n\n\n\n<h3 class=\"wp-block-heading\">DROIT APPLICABLE ET TRIBUNAUX COMPETENTS<\/h3>\n\n\n\n<p>Le droit belge est d\u2019application. La non-validit\u00e9, la nullit\u00e9 ou le caract\u00e8re non ex\u00e9cutoire, en tout ou en partie, des dispositions ci-dessus ne donne pas lieu \u00e0 la non-validit\u00e9 et\/ou la non-applicabilit\u00e9 d\u2019autres dispositions. Les Parties acceptent que la communication \u00e9lectronique entre elles rev\u00eate la valeur l\u00e9gale d\u2019une preuve \u00e9crite. Tout \u00e9ventuel litige r\u00e9sultant de l\u2019utilisation des sites de Training &amp; Coaching Square et des services offerts est r\u00e9gi par le droit belge.<\/p>\n\n\n\n<h3 class=\"wp-block-heading\">CHOIX POUR LES DONNEES A CARACTERE PERSONNEL<\/h3>\n\n\n\n<p>Nous offrons \u00e0 tous les visiteurs la possibilit\u00e9 de consulter, modifier ou supprimer les donn\u00e9es \u00e0 caract\u00e8re personnel dont nous disposons \u00e0 ce moment.<\/p>\n\n\n\n<h3 class=\"wp-block-heading\">ADAPTATION\/DESINSCRIPTION DU SERVICE BULLETIN D\u2019INFORMATION<\/h3>\n\n\n\n<p>Lors de chaque formulaire d\u2019inscription, vous avez la possibilit\u00e9 de vous inscrire \u00e0 notre bulletin d\u2019information et pouvez, en tout moment, adapter vos choix dans le bas de chaque e-mail.<\/p>\n\n\n\n<h3 class=\"wp-block-heading\">ADAPTATION\/DESINSCRIPTION DE LA COMMUNICATION<\/h3>\n\n\n\n<p>Veuillez nous contacter si vous souhaitez l\u2019adaptation de vos donn\u00e9es ou leur suppression de nos fichiers. Voir les donn\u00e9es ci-dessous.<\/p>\n\n\n\n<h3 class=\"wp-block-heading\">QUESTIONS ET FEEDBACK<\/h3>\n\n\n\n<p>Nous contr\u00f4lons r\u00e9guli\u00e8rement notre conformit\u00e9 \u00e0 la pr\u00e9sente politique de confidentialit\u00e9. Veuillez nous contacter&nbsp;pour toute question \u00e0 ce sujet :<\/p>\n\n\n\n<p>Training &amp; Coaching Square<br>Zone 1, Researchpark 210, 1731 Zellik<br>+32 471 84 24 77<br>contact@coachingsquare.be<\/p>\n","protected":false},"excerpt":{"rendered":"<p>Politique de Confidentialit\u00e9 Training &amp; Coaching Square La derni\u00e8re actualisation de la pr\u00e9sente page a \u00e9t\u00e9 r\u00e9alis\u00e9e le&nbsp;31\/01\/2020. Nous sommes&#8230;<\/p>\n","protected":false},"author":6,"featured_media":0,"parent":0,"menu_order":0,"comment_status":"closed","ping_status":"closed","template":"","meta":{"footnotes":""},"class_list":["post-1083","page","type-page","status-publish","hentry"],"yoast_head":"<!-- This site is optimized with the Yoast SEO plugin v19.8 - https:\/\/yoast.com\/wordpress\/plugins\/seo\/ -->\n<title>Politique de Confidentialit\u00e9 - Futureproof Business Manager<\/title>\n<meta name=\"description\" content=\"Nous sommes pleinement conscients de la confiance que vous nous accordez et sommes, par cons\u00e9quent, responsables de prot\u00e9ger votre confidentialit\u00e9.\" \/>\n<meta name=\"robots\" content=\"index, follow, max-snippet:-1, max-image-preview:large, max-video-preview:-1\" \/>\n<link rel=\"canonical\" href=\"https:\/\/trainingcoachingsquare.be\/business-manager\/fr\/privacy\/\" \/>\n<meta property=\"og:locale\" content=\"fr_FR\" \/>\n<meta property=\"og:type\" content=\"article\" \/>\n<meta property=\"og:title\" content=\"Politique de Confidentialit\u00e9 - Futureproof Business Manager\" \/>\n<meta property=\"og:description\" content=\"Nous sommes pleinement conscients de la confiance que vous nous accordez et sommes, par cons\u00e9quent, responsables de prot\u00e9ger votre confidentialit\u00e9.\" \/>\n<meta property=\"og:url\" content=\"https:\/\/trainingcoachingsquare.be\/business-manager\/fr\/privacy\/\" \/>\n<meta property=\"og:site_name\" content=\"Futureproof Business Manager\" \/>\n<meta property=\"article:modified_time\" content=\"2020-02-17T16:34:17+00:00\" \/>\n<meta name=\"twitter:card\" content=\"summary_large_image\" \/>\n<meta name=\"twitter:label1\" content=\"Dur\u00e9e de lecture estim\u00e9e\" \/>\n\t<meta name=\"twitter:data1\" content=\"8 minutes\" \/>\n<script type=\"application\/ld+json\" class=\"yoast-schema-graph\">{\"@context\":\"https:\/\/schema.org\",\"@graph\":[{\"@type\":\"WebPage\",\"@id\":\"https:\/\/trainingcoachingsquare.be\/business-manager\/fr\/privacy\/\",\"url\":\"https:\/\/trainingcoachingsquare.be\/business-manager\/fr\/privacy\/\",\"name\":\"Politique de Confidentialit\u00e9 - Futureproof Business Manager\",\"isPartOf\":{\"@id\":\"https:\/\/trainingcoachingsquare.be\/business-manager\/#website\"},\"datePublished\":\"2019-10-02T07:50:41+00:00\",\"dateModified\":\"2020-02-17T16:34:17+00:00\",\"description\":\"Nous sommes pleinement conscients de la confiance que vous nous accordez et sommes, par cons\u00e9quent, responsables de prot\u00e9ger votre confidentialit\u00e9.\",\"breadcrumb\":{\"@id\":\"https:\/\/trainingcoachingsquare.be\/business-manager\/fr\/privacy\/#breadcrumb\"},\"inLanguage\":\"fr-FR\",\"potentialAction\":[{\"@type\":\"ReadAction\",\"target\":[\"https:\/\/trainingcoachingsquare.be\/business-manager\/fr\/privacy\/\"]}]},{\"@type\":\"BreadcrumbList\",\"@id\":\"https:\/\/trainingcoachingsquare.be\/business-manager\/fr\/privacy\/#breadcrumb\",\"itemListElement\":[{\"@type\":\"ListItem\",\"position\":1,\"name\":\"Home\",\"item\":\"https:\/\/trainingcoachingsquare.be\/business-manager\/fr\/\"},{\"@type\":\"ListItem\",\"position\":2,\"name\":\"Politique de Confidentialit\u00e9\"}]},{\"@type\":\"WebSite\",\"@id\":\"https:\/\/trainingcoachingsquare.be\/business-manager\/#website\",\"url\":\"https:\/\/trainingcoachingsquare.be\/business-manager\/\",\"name\":\"Futureproof Business Manager\",\"description\":\"Training &amp; Coaching Square Futureproof Business Manager\",\"potentialAction\":[{\"@type\":\"SearchAction\",\"target\":{\"@type\":\"EntryPoint\",\"urlTemplate\":\"https:\/\/trainingcoachingsquare.be\/business-manager\/?s={search_term_string}\"},\"query-input\":\"required name=search_term_string\"}],\"inLanguage\":\"fr-FR\"}]}<\/script>\n<!-- \/ Yoast SEO plugin. -->","yoast_head_json":{"title":"Politique de Confidentialit\u00e9 - Futureproof Business Manager","description":"Nous sommes pleinement conscients de la confiance que vous nous accordez et sommes, par cons\u00e9quent, responsables de prot\u00e9ger votre confidentialit\u00e9.","robots":{"index":"index","follow":"follow","max-snippet":"max-snippet:-1","max-image-preview":"max-image-preview:large","max-video-preview":"max-video-preview:-1"},"canonical":"https:\/\/trainingcoachingsquare.be\/business-manager\/fr\/privacy\/","og_locale":"fr_FR","og_type":"article","og_title":"Politique de Confidentialit\u00e9 - Futureproof Business Manager","og_description":"Nous sommes pleinement conscients de la confiance que vous nous accordez et sommes, par cons\u00e9quent, responsables de prot\u00e9ger votre confidentialit\u00e9.","og_url":"https:\/\/trainingcoachingsquare.be\/business-manager\/fr\/privacy\/","og_site_name":"Futureproof Business Manager","article_modified_time":"2020-02-17T16:34:17+00:00","twitter_card":"summary_large_image","twitter_misc":{"Dur\u00e9e de lecture estim\u00e9e":"8 minutes"},"schema":{"@context":"https:\/\/schema.org","@graph":[{"@type":"WebPage","@id":"https:\/\/trainingcoachingsquare.be\/business-manager\/fr\/privacy\/","url":"https:\/\/trainingcoachingsquare.be\/business-manager\/fr\/privacy\/","name":"Politique de Confidentialit\u00e9 - Futureproof Business Manager","isPartOf":{"@id":"https:\/\/trainingcoachingsquare.be\/business-manager\/#website"},"datePublished":"2019-10-02T07:50:41+00:00","dateModified":"2020-02-17T16:34:17+00:00","description":"Nous sommes pleinement conscients de la confiance que vous nous accordez et sommes, par cons\u00e9quent, responsables de prot\u00e9ger votre confidentialit\u00e9.","breadcrumb":{"@id":"https:\/\/trainingcoachingsquare.be\/business-manager\/fr\/privacy\/#breadcrumb"},"inLanguage":"fr-FR","potentialAction":[{"@type":"ReadAction","target":["https:\/\/trainingcoachingsquare.be\/business-manager\/fr\/privacy\/"]}]},{"@type":"BreadcrumbList","@id":"https:\/\/trainingcoachingsquare.be\/business-manager\/fr\/privacy\/#breadcrumb","itemListElement":[{"@type":"ListItem","position":1,"name":"Home","item":"https:\/\/trainingcoachingsquare.be\/business-manager\/fr\/"},{"@type":"ListItem","position":2,"name":"Politique de Confidentialit\u00e9"}]},{"@type":"WebSite","@id":"https:\/\/trainingcoachingsquare.be\/business-manager\/#website","url":"https:\/\/trainingcoachingsquare.be\/business-manager\/","name":"Futureproof Business Manager","description":"Training &amp; Coaching Square Futureproof Business Manager","potentialAction":[{"@type":"SearchAction","target":{"@type":"EntryPoint","urlTemplate":"https:\/\/trainingcoachingsquare.be\/business-manager\/?s={search_term_string}"},"query-input":"required name=search_term_string"}],"inLanguage":"fr-FR"}]}},"_links":{"self":[{"href":"https:\/\/trainingcoachingsquare.be\/business-manager\/fr\/wp-json\/wp\/v2\/pages\/1083","targetHints":{"allow":["GET"]}}],"collection":[{"href":"https:\/\/trainingcoachingsquare.be\/business-manager\/fr\/wp-json\/wp\/v2\/pages"}],"about":[{"href":"https:\/\/trainingcoachingsquare.be\/business-manager\/fr\/wp-json\/wp\/v2\/types\/page"}],"author":[{"embeddable":true,"href":"https:\/\/trainingcoachingsquare.be\/business-manager\/fr\/wp-json\/wp\/v2\/users\/6"}],"replies":[{"embeddable":true,"href":"https:\/\/trainingcoachingsquare.be\/business-manager\/fr\/wp-json\/wp\/v2\/comments?post=1083"}],"version-history":[{"count":0,"href":"https:\/\/trainingcoachingsquare.be\/business-manager\/fr\/wp-json\/wp\/v2\/pages\/1083\/revisions"}],"wp:attachment":[{"href":"https:\/\/trainingcoachingsquare.be\/business-manager\/fr\/wp-json\/wp\/v2\/media?parent=1083"}],"curies":[{"name":"wp","href":"https:\/\/api.w.org\/{rel}","templated":true}]}}