{"id":3303,"date":"2020-02-28T11:56:40","date_gmt":"2020-02-28T09:56:40","guid":{"rendered":"https:\/\/trainingcoachingsquare.be\/business-manager\/?page_id=3303"},"modified":"2020-02-28T12:05:17","modified_gmt":"2020-02-28T10:05:17","slug":"conditions-generales","status":"publish","type":"page","link":"https:\/\/trainingcoachingsquare.be\/business-manager\/fr\/conditions-generales\/","title":{"rendered":"Conditions g\u00e9n\u00e9rales"},"content":{"rendered":"\n\n<section id=\"block-page-hero-block_5d94faca3ff91\" class=\"c-section -hero \">\n  <div class=\"c-hero -half\">\n    <div class=\"c-hero__layer  content \">\n            <img decoding=\"async\" src=\"https:\/\/trainingcoachingsquare.be\/business-manager\/wp-content\/uploads\/sites\/6\/2020\/02\/gray-metal-cubes-decorative-1005644-1000x1333.jpg\" data-src=\"https:\/\/trainingcoachingsquare.be\/business-manager\/wp-content\/uploads\/sites\/6\/2020\/02\/gray-metal-cubes-decorative-1005644-2000x2667.jpg\" alt=\"gray-metal-cubes-decorative-1005644\" class=\"c-hero__thumb lazy\" style=\"object-position: center;\">\n          <\/div>\n    <div class=\"c-hero__inner\">\n      <div class=\"c-hero__content\">\n        <div class=\"container\">\n          <div class=\"row\">\n            <div class=\"col-md-10 col-md-offset-1\">\n                                          <div class=\"c-hero__heading\">\n                <h3>Conditions g\u00e9n\u00e9rales<\/h3>\n              <\/div>\n                          <\/div>\n          <\/div>\n        <\/div>\n      <\/div>\n    <\/div>\n  <\/div>\n<\/section>\n<style type=\"text\/css\">\n\n<\/style>\n\n\n\n<p>Votre inscription est consid\u00e9r\u00e9e d\u00e9finitive d\u00e8s la r\u00e9ception d\u2019un mail de confirmation.<\/p>\n\n\n\n<p>Nous confirmons\ncette inscription par \u00e9crit.<\/p>\n\n\n\n<p>Votre engagement\nconcerne la formation compl\u00e8te. Si vous ne participez pas \u00e0 toutes les journ\u00e9es\nde formation ou si vous arr\u00eatez la formation de mani\u00e8re anticip\u00e9e, le montant\ndu cours ne fera l\u2019objet d\u2019aucune modification et, quelle que soit la raison, il\nne sera proc\u00e9d\u00e9 \u00e0 aucun remboursement.<\/p>\n\n\n\n<p>Si le participant\nest tenu d\u2019interrompre une formation pour cas de force majeure, il lui sera\npossible de la poursuivre ult\u00e9rieurement. Dans ce cas, l\u2019approbation \u00e9crite et explicite\nde The Coaching Square BVBA est requise.<\/p>\n\n\n\n<p>En cas de force\nmajeure ou si le nombre de participants \u00e0 une activit\u00e9 est inf\u00e9rieur \u00e0 10 personnes,\nThe Coaching Square BVBA est en droit d\u2019annuler la formation ou toute autre\nactivit\u00e9 pr\u00e9vue. Vous en serez inform\u00e9 par \u00e9crit ou par t\u00e9l\u00e9phone et le montant\ndu cours vous sera int\u00e9gralement rembours\u00e9.<\/p>\n\n\n\n<p>Le paiement de la\ntotalit\u00e9 du cours doit nous parvenir au plus tard 5 jours ouvrables avant le\nd\u00e9but de la formation. Il peut y \u00eatre d\u00e9rog\u00e9 uniquement sur autorisation explicite\net \u00e9crite de The Coaching Square BVBA. <\/p>\n\n\n\n<p>Sauf stipul\u00e9\nautrement, tous les prix s\u2019entendent HTVA 21%.<\/p>\n\n\n\n<p>Toute annulation\npar le participant doit \u00eatre communiqu\u00e9e par \u00e9crit \u00e0 The Coaching Square. Si\ncette communication nous parvient plus de 30 jours avant le d\u00e9but de la\nformation, vous serez tenu au paiement d\u2019un co\u00fbt d\u2019annulation de 10% du montant\nnet. Si l\u2019annulation se produit 30 jours ou moins avant le d\u00e9but de la\nformation, le co\u00fbt d\u2019annulation sera de 100% et il ne sera donc proc\u00e9d\u00e9 \u00e0 aucun\nremboursement. Il vous est, par contre, possible de faire participer une autre\npersonne \u00e0 votre place ou de suivre une autre formation \u00e0 une date ult\u00e9rieure.<\/p>\n\n\n\n<p><strong>Conditions g\u00e9n\u00e9rales relatives a votre inscription \u00e0 un \u00e9v\u00e9nement:<\/strong><\/p>\n\n\n\n<p>Votre inscription\nest d\u00e9finitive d\u00e8s r\u00e9ception de notre part de votre formulaire d\u2019inscription.<\/p>\n\n\n\n<p>Nous confirmons\nl\u2019inscription par mail.<\/p>\n\n\n\n<p>Sauf stipul\u00e9\nautrement, tous les prix s\u2019entendent HTVA 21%.<\/p>\n\n\n\n<p>Toute annulation par le participant doit \u00eatre communiqu\u00e9e par mail \u00e0 The Coaching Square. Si cette communication nous parvient un jour avant le d\u00e9but de l\u2019\u00e9v\u00e9nement, aucun frais d\u2019annulation ne vous sera port\u00e9 en compte. En cas d\u2019impr\u00e9vu, il vous est possible d\u2019annuler le jour m\u00eame, de faire participer une autre personne \u00e0 votre place ou de vous inscrire \u00e0 un \u00e9v\u00e9nement ult\u00e9rieur, sans quoi le co\u00fbt d\u2019annulation sera de 100% que vous soyez, ou non, membre de la Alumni TCS.<\/p>\n\n\n<section id=\"block-cta-block_5d95c4548b8ee\" class=\"c-section -cta \">\n  <div class=\"c-cta\">\n    <div class=\"c-cta__inner lazy -lazyNoBlur\" data-bg=\"url(https:\/\/trainingcoachingsquare.be\/business-manager\/wp-content\/uploads\/sites\/6\/2019\/10\/tcs-image-14-1600x533.jpeg)\">\n      <div class=\"container\">\n        <div class=\"row\">\n          <div class=\"col-md-10 col-md-offset-1\">\n            <div class=\"c-cta__content\">\n              <div class=\"c-cta__text\">\n                <h4 class=\"c-cta__heading\">Vous avez une question ?<\/h4>\n                <p class=\"c-cta__description text-xlarge\">Faites-le-nous savoir! <\/p>\n              <\/div>\n              <div class=\"c-cta__button\">\n                \t\t\t\t\t\t    <a class=\"c-button -primary -large -greenDark\" href=\"https:\/\/trainingcoachingsquare.be\/business-manager\/fr\/contact\/\">Contactez-nous<\/a>\n\t\t\t\t\t\t                  <\/div>\n            <\/div>\n          <\/div>\n        <\/div>\n      <\/div>\n    <\/div>\n  <\/div>\n<\/section>\n\n\n<style type=\"text\/css\">\n\n<\/style>\n","protected":false},"excerpt":{"rendered":"<p>Votre inscription est consid\u00e9r\u00e9e d\u00e9finitive d\u00e8s la r\u00e9ception d\u2019un mail de confirmation. Nous confirmons cette inscription par \u00e9crit. Votre engagement&#8230;<\/p>\n","protected":false},"author":6,"featured_media":3247,"parent":0,"menu_order":0,"comment_status":"closed","ping_status":"closed","template":"","meta":{"footnotes":""},"class_list":["post-3303","page","type-page","status-publish","has-post-thumbnail","hentry"],"yoast_head":"<!-- This site is optimized with the Yoast SEO plugin v19.8 - https:\/\/yoast.com\/wordpress\/plugins\/seo\/ -->\n<title>Conditions g\u00e9n\u00e9rales - Futureproof Business Manager<\/title>\n<meta name=\"robots\" content=\"index, follow, max-snippet:-1, max-image-preview:large, max-video-preview:-1\" \/>\n<link rel=\"canonical\" href=\"https:\/\/trainingcoachingsquare.be\/business-manager\/fr\/conditions-generales\/\" \/>\n<meta property=\"og:locale\" content=\"fr_FR\" \/>\n<meta property=\"og:type\" content=\"article\" \/>\n<meta property=\"og:title\" content=\"Conditions g\u00e9n\u00e9rales - Futureproof Business Manager\" \/>\n<meta property=\"og:description\" content=\"Votre inscription est consid\u00e9r\u00e9e d\u00e9finitive d\u00e8s la r\u00e9ception d\u2019un mail de confirmation. Nous confirmons cette inscription par \u00e9crit. Votre engagement...\" \/>\n<meta property=\"og:url\" content=\"https:\/\/trainingcoachingsquare.be\/business-manager\/fr\/conditions-generales\/\" \/>\n<meta property=\"og:site_name\" content=\"Futureproof Business Manager\" \/>\n<meta property=\"article:modified_time\" content=\"2020-02-28T10:05:17+00:00\" \/>\n<meta property=\"og:image\" content=\"https:\/\/trainingcoachingsquare.be\/business-manager\/wp-content\/uploads\/sites\/6\/2020\/02\/gray-metal-cubes-decorative-1005644.jpg\" \/>\n\t<meta property=\"og:image:width\" content=\"3024\" \/>\n\t<meta property=\"og:image:height\" content=\"4032\" \/>\n\t<meta property=\"og:image:type\" content=\"image\/jpeg\" \/>\n<meta name=\"twitter:card\" content=\"summary_large_image\" \/>\n<meta name=\"twitter:label1\" content=\"Dur\u00e9e de lecture estim\u00e9e\" \/>\n\t<meta name=\"twitter:data1\" content=\"2 minutes\" \/>\n<script type=\"application\/ld+json\" class=\"yoast-schema-graph\">{\"@context\":\"https:\/\/schema.org\",\"@graph\":[{\"@type\":\"WebPage\",\"@id\":\"https:\/\/trainingcoachingsquare.be\/business-manager\/fr\/conditions-generales\/\",\"url\":\"https:\/\/trainingcoachingsquare.be\/business-manager\/fr\/conditions-generales\/\",\"name\":\"Conditions g\u00e9n\u00e9rales - Futureproof Business Manager\",\"isPartOf\":{\"@id\":\"https:\/\/trainingcoachingsquare.be\/business-manager\/#website\"},\"datePublished\":\"2020-02-28T09:56:40+00:00\",\"dateModified\":\"2020-02-28T10:05:17+00:00\",\"breadcrumb\":{\"@id\":\"https:\/\/trainingcoachingsquare.be\/business-manager\/fr\/conditions-generales\/#breadcrumb\"},\"inLanguage\":\"fr-FR\",\"potentialAction\":[{\"@type\":\"ReadAction\",\"target\":[\"https:\/\/trainingcoachingsquare.be\/business-manager\/fr\/conditions-generales\/\"]}]},{\"@type\":\"BreadcrumbList\",\"@id\":\"https:\/\/trainingcoachingsquare.be\/business-manager\/fr\/conditions-generales\/#breadcrumb\",\"itemListElement\":[{\"@type\":\"ListItem\",\"position\":1,\"name\":\"Home\",\"item\":\"https:\/\/trainingcoachingsquare.be\/business-manager\/fr\/\"},{\"@type\":\"ListItem\",\"position\":2,\"name\":\"Conditions g\u00e9n\u00e9rales\"}]},{\"@type\":\"WebSite\",\"@id\":\"https:\/\/trainingcoachingsquare.be\/business-manager\/#website\",\"url\":\"https:\/\/trainingcoachingsquare.be\/business-manager\/\",\"name\":\"Futureproof Business Manager\",\"description\":\"Training &amp; Coaching Square Futureproof Business Manager\",\"potentialAction\":[{\"@type\":\"SearchAction\",\"target\":{\"@type\":\"EntryPoint\",\"urlTemplate\":\"https:\/\/trainingcoachingsquare.be\/business-manager\/?s={search_term_string}\"},\"query-input\":\"required name=search_term_string\"}],\"inLanguage\":\"fr-FR\"}]}<\/script>\n<!-- \/ Yoast SEO plugin. -->","yoast_head_json":{"title":"Conditions g\u00e9n\u00e9rales - Futureproof Business Manager","robots":{"index":"index","follow":"follow","max-snippet":"max-snippet:-1","max-image-preview":"max-image-preview:large","max-video-preview":"max-video-preview:-1"},"canonical":"https:\/\/trainingcoachingsquare.be\/business-manager\/fr\/conditions-generales\/","og_locale":"fr_FR","og_type":"article","og_title":"Conditions g\u00e9n\u00e9rales - Futureproof Business Manager","og_description":"Votre inscription est consid\u00e9r\u00e9e d\u00e9finitive d\u00e8s la r\u00e9ception d\u2019un mail de confirmation. Nous confirmons cette inscription par \u00e9crit. Votre engagement...","og_url":"https:\/\/trainingcoachingsquare.be\/business-manager\/fr\/conditions-generales\/","og_site_name":"Futureproof Business Manager","article_modified_time":"2020-02-28T10:05:17+00:00","og_image":[{"width":3024,"height":4032,"url":"https:\/\/trainingcoachingsquare.be\/business-manager\/wp-content\/uploads\/sites\/6\/2020\/02\/gray-metal-cubes-decorative-1005644.jpg","type":"image\/jpeg"}],"twitter_card":"summary_large_image","twitter_misc":{"Dur\u00e9e de lecture estim\u00e9e":"2 minutes"},"schema":{"@context":"https:\/\/schema.org","@graph":[{"@type":"WebPage","@id":"https:\/\/trainingcoachingsquare.be\/business-manager\/fr\/conditions-generales\/","url":"https:\/\/trainingcoachingsquare.be\/business-manager\/fr\/conditions-generales\/","name":"Conditions g\u00e9n\u00e9rales - Futureproof Business Manager","isPartOf":{"@id":"https:\/\/trainingcoachingsquare.be\/business-manager\/#website"},"datePublished":"2020-02-28T09:56:40+00:00","dateModified":"2020-02-28T10:05:17+00:00","breadcrumb":{"@id":"https:\/\/trainingcoachingsquare.be\/business-manager\/fr\/conditions-generales\/#breadcrumb"},"inLanguage":"fr-FR","potentialAction":[{"@type":"ReadAction","target":["https:\/\/trainingcoachingsquare.be\/business-manager\/fr\/conditions-generales\/"]}]},{"@type":"BreadcrumbList","@id":"https:\/\/trainingcoachingsquare.be\/business-manager\/fr\/conditions-generales\/#breadcrumb","itemListElement":[{"@type":"ListItem","position":1,"name":"Home","item":"https:\/\/trainingcoachingsquare.be\/business-manager\/fr\/"},{"@type":"ListItem","position":2,"name":"Conditions g\u00e9n\u00e9rales"}]},{"@type":"WebSite","@id":"https:\/\/trainingcoachingsquare.be\/business-manager\/#website","url":"https:\/\/trainingcoachingsquare.be\/business-manager\/","name":"Futureproof Business Manager","description":"Training &amp; Coaching Square Futureproof Business Manager","potentialAction":[{"@type":"SearchAction","target":{"@type":"EntryPoint","urlTemplate":"https:\/\/trainingcoachingsquare.be\/business-manager\/?s={search_term_string}"},"query-input":"required name=search_term_string"}],"inLanguage":"fr-FR"}]}},"_links":{"self":[{"href":"https:\/\/trainingcoachingsquare.be\/business-manager\/fr\/wp-json\/wp\/v2\/pages\/3303","targetHints":{"allow":["GET"]}}],"collection":[{"href":"https:\/\/trainingcoachingsquare.be\/business-manager\/fr\/wp-json\/wp\/v2\/pages"}],"about":[{"href":"https:\/\/trainingcoachingsquare.be\/business-manager\/fr\/wp-json\/wp\/v2\/types\/page"}],"author":[{"embeddable":true,"href":"https:\/\/trainingcoachingsquare.be\/business-manager\/fr\/wp-json\/wp\/v2\/users\/6"}],"replies":[{"embeddable":true,"href":"https:\/\/trainingcoachingsquare.be\/business-manager\/fr\/wp-json\/wp\/v2\/comments?post=3303"}],"version-history":[{"count":0,"href":"https:\/\/trainingcoachingsquare.be\/business-manager\/fr\/wp-json\/wp\/v2\/pages\/3303\/revisions"}],"wp:featuredmedia":[{"embeddable":true,"href":"https:\/\/trainingcoachingsquare.be\/business-manager\/fr\/wp-json\/wp\/v2\/media\/3247"}],"wp:attachment":[{"href":"https:\/\/trainingcoachingsquare.be\/business-manager\/fr\/wp-json\/wp\/v2\/media?parent=3303"}],"curies":[{"name":"wp","href":"https:\/\/api.w.org\/{rel}","templated":true}]}}