{"id":4241,"date":"2024-06-13T11:56:37","date_gmt":"2024-06-13T11:56:37","guid":{"rendered":"https:\/\/trainingcoachingsquare.be\/coaching-mentoring-academy\/?page_id=4241"},"modified":"2024-07-12T15:41:03","modified_gmt":"2024-07-12T15:41:03","slug":"tcs-20-ans","status":"publish","type":"page","link":"https:\/\/trainingcoachingsquare.be\/coaching-mentoring-academy\/fr\/tcs-20-ans\/","title":{"rendered":"Training &amp; Coaching Square 20 ans"},"content":{"rendered":"\n\n<section id=\"block-page-hero-block_5d91ea7675dae\" class=\"c-section -hero \">\n  <div class=\"c-hero -full\">\n    <div class=\"c-hero__layer  content \">\n            <img decoding=\"async\" src=\"https:\/\/trainingcoachingsquare.be\/coaching-mentoring-academy\/wp-content\/uploads\/sites\/5\/2024\/04\/Ontwerp-zonder-titel-3-1000x671.png\" data-src=\"https:\/\/trainingcoachingsquare.be\/coaching-mentoring-academy\/wp-content\/uploads\/sites\/5\/2024\/04\/Ontwerp-zonder-titel-3-e1724756344140.png\" alt=\"20 years logo\" class=\"c-hero__thumb lazy\" style=\"object-position: left;\">\n          <\/div>\n    <div class=\"c-hero__inner\">\n      <div class=\"c-hero__content\">\n        <div class=\"container\">\n          <div class=\"row\">\n            <div class=\"col-md-10 col-md-offset-1\">\n                            <div class=\"c-hero__label label-large\">TRAINING &#038; COACHING SQUARE F\u00caTE SES 20 ANS<\/div>\n                                          <div class=\"c-hero__heading\">\n                <h3>20 \u00e9v\u00e9nements festifs en 2024-2025<\/h3>\n              <\/div>\n                          <\/div>\n          <\/div>\n        <\/div>\n      <\/div>\n    <\/div>\n  <\/div>\n<\/section>\n<style type=\"text\/css\">\n\n<\/style>\n\n\n\n<h3 class=\"wp-block-heading\"><em>Que signifient 20 ans pour Training &amp; Coaching Square ?<\/em><\/h3>\n\n\n\n<p><strong>Nous devenons de plus en plus ce que nous apportons aux individus et aux organisations.<\/strong><\/p>\n\n\n\n<p>Woop-woop ! Pr\u00e9parez-vous \u00e0 faire \u00e9clater les confettis et \u00e0 sortir le g\u00e2teau, car en 2025, nous atteindrons le grand cap de la vingtaine ! Oui, vous avez bien lu, nous aurons 20 ans et nous\u00a0sommes plus qu\u2019impatients de c\u00e9l\u00e9brer cet incroyable \u00e9tape avec vous ! ?<\/p>\n\n\n\n<p>Rejoignez-nous pour c\u00e9l\u00e9brer 20 ans de coaching transformateur, de formations approfondies et de rassemblement dans ce SQUARE, o\u00f9 vous pouvez d\u00e9couvrir, explorer et exp\u00e9rimenter de sorte \u00e0 affiner et lib\u00e9rer votre plein potentiel en tant qu\u2019individu et professionnel. Dans ce SQUARE, nous d&rsquo;apprendre de sorte \u00e0 \u00ab humaniser les organisations et les relations \u00bb.<\/p>\n\n\n\n<p>Pour c\u00e9l\u00e9brer cette \u00e9tape avec style, nous avons pr\u00e9vu 20 \u00e9v\u00e9nements incroyables ! Et chaque \u00e9v\u00e9nement se d\u00e9roulera en petit comit\u00e9 \u2013 la connexion est ce que nous valorisons plus que jamais en cette ann\u00e9e de c\u00e9l\u00e9bration !<\/p>\n\n\n\n<p>Avec des sujets tels que transformer les regrets en force positive, entrer dans le monde de l\u2019amour de soi, d\u00e9velopper votre \u00e9tat d\u2019esprit pour plus de bien-\u00eatre et de responsabilit\u00e9, ou m\u00eame chanter au printemps sous la direction d\u2019un chanteur d\u2019op\u00e9ra, tout le monde peut y trouver son compte. C&rsquo;est ainsi que nous continuons \u00e0 inspirer et \u00e0 cr\u00e9er !\u00a0Venez r\u00e9colter de nouvelles graines d\u2019inspiration et semez les autours de vous pour continuer \u00e0 inspirer les autres !<\/p>\n\n\n\n<p>Les places sont limit\u00e9es et nous travaillons sur la base du premier arriv\u00e9, premier servi. Les prix festifs sont une invitation \u00e0 continuer \u00e0 cr\u00e9er et \u00e0 construire ensemble un \u00ab monde vivable \u00bb. Alors inscrivez-vous d\u00e8s maintenant et marquez vos calendriers ! Nous nous r\u00e9jouissons que vous participiez aux festivit\u00e9s !\u00a0<\/p>\n\n\n\n<p>L\u2019aper\u00e7u de nos 20 \u00e9v\u00e9nements est plus bas. Certains \u00e9v\u00e9nements sont r\u00e9serv\u00e9s aux anciens \u00e9l\u00e8ves du Training &amp; Coaching Square, la plupart sont ouverts \u00e0 tous. Rejoignez-nous ! Restez inspir\u00e9 et challeng\u00e9. \u00c9tablissez de nouveaux contacts pr\u00e9cieux et d\u00e9veloppez votre r\u00e9seau !<\/p>\n\n\n\n<p><\/p>\n\n\n<section id=\"block-featured-card-block_666afcc0a93d9\" class=\"c-section -featured-card\">\n  <div class=\"c-featured-card\">\n    <div class=\"container\">\n                <div class=\"c-featured-card__card-wrapper \">\n            <div class=\"row\">\n                <div class=\"col-md-7\">\n                                    <div class=\"c-featured-card__img-wrapper\">\n                        <img src=data:image\/gif;base64,R0lGODlhAQABAAAAACH5BAEKAAEALAAAAAABAAEAAAICTAEAOw== data-src=\"https:\/\/trainingcoachingsquare.be\/coaching-mentoring-academy\/wp-content\/uploads\/sites\/5\/2024\/07\/GROW-evenement-FR.jpg\" alt=\"GROW evenement FR\" class=\"c-customer__thumb lazy\">\n                    <\/div>\n                                <\/div>\n                <div class=\"col-md-5\">\n                    <div class=\"c-featured-card__card-content\">\n                        <div class=\"c-featured-card__card-content-wrapper\">\n                                                                                    <h3 class=\"c-featured-card__heading\">Ev\u00e8nement GROW<\/h3>\n                                                                                    <p class=\"c-featured-card__text\">Venez c\u00e9l\u00e9brer votre \u00e9volution avec d&rsquo;autres GROWERs. Au menu : une conf\u00e9rence inspirante et stimulante intitul\u00e9e \u00ab\u00a0L&rsquo;impact de l&rsquo;\u00e9tat d&rsquo;esprit du coaching sur nos relations\u00a0\u00bb, suivie d&rsquo;une r\u00e9ception de r\u00e9seautage avec de quoi manger et trinquer.<\/p>\n                                                                                    <div class=\"c-plan__feature\">\n                                <svg viewBox=\"0 0 30 30\"><use xlink:href=\"#icon-calendar\"><\/use><\/svg>\n                                <span class=\"label-large\">Jeudi 18\/09\/25, 19:00-22:00<\/span>\n                            <\/div>\n                                                                                    <div class=\"c-plan__feature\">\n                                <svg viewBox=\"0 0 30 30\"><use xlink:href=\"#icon-briefcase\"><\/use><\/svg>\n                                <span class=\"label-large\">GROWers<\/span>\n                            <\/div>\n                                                                                                            <\/div>\n                    <\/div>\n                <\/div>\n            <\/div>\n        <\/div>\n            <\/div>\n  <\/div>\n<\/section>\n\n<style type=\"text\/css\">\n  .p-home__section.-plans {}\n<\/style>\n\n\n\n<p><strong>Un voyage dans le temps<\/strong><\/p>\n\n\n\n<ul class=\"wp-block-list\">\n<li>Training &amp; Coaching Square a \u00e9t\u00e9 fond\u00e9 en 2005 &#8211; \u00e0 l&rsquo;\u00e9poque sous le nom de \u00ab Coaching Square \u00bb. Les fondateurs avaient derri\u00e8re eux une carri\u00e8re polyvalente et souhaitaient professionnaliser le coaching dans le monde des affaires en s&rsquo;appuyant sur leurs certifications de l&rsquo;International Coaching Federation (ICF) et sur leur vaste exp\u00e9rience professionnelle.<\/li>\n\n\n\n<li>En 2008, l&rsquo;institut de formation \u00e9tait d\u00e9j\u00e0 le premier institut trilingue en Belgique \u00e0 \u00eatre reconnu et accr\u00e9dit\u00e9 par l&rsquo;ICF avec ses programmes phares ROOT, GROW &#8211; qui correspondent aux niveaux 1 et 2 de l&rsquo;ICF &#8211; et le BLOOM comme fondation pour la ma\u00eetrise d\u2019une pr\u00e9sence de qualit\u00e9 qui inspire et d\u00e9fie vers le chemin de la gu\u00e9rison.<\/li>\n\n\n\n<li>En 2010, Coaching Square Suisse a \u00e9t\u00e9 cofond\u00e9, \u00e9largissant ainsi le r\u00e9seau international d&rsquo;instituts de coaching qui partagent la m\u00eame passion pour le d\u00e9veloppement du potentiel humain.<\/li>\n\n\n\n<li>En 2015, \u00ab Coaching Square \u00bb a \u00e9t\u00e9 rebaptis\u00e9 pour refl\u00e9ter les r\u00e9alit\u00e9s \u00e9conomiques et commerciales : les organisations veulent utiliser le coaching pour rendre la transformation possible et durable. Cela est possible si les programmes de formation et le coaching sont propos\u00e9s conjointement. Le nouveau nom \u00ab Training &amp; Coaching Square \u00bb r\u00e9pond pleinement au besoin d&rsquo;apprentissage hybride et refl\u00e8te notre expertise en mati\u00e8re de coaching et de programmes de formation pour guider le c\u00f4t\u00e9 humain du changement pour les individus, les professionnels et les organisations.<\/li>\n\n\n\n<li>En moins d&rsquo;une d\u00e9cennie, Training &amp; Coaching Square s&rsquo;est r\u00e9v\u00e9l\u00e9 \u00eatre un pionnier du coaching en Belgique. L&rsquo;institut a mis la cr\u00e9dibilit\u00e9 de la profession de coach en avant en Belgique et est devenu un v\u00e9ritable cr\u00e9ateur de tendances dans le monde du coaching.<\/li>\n\n\n\n<li>Les cinq derni\u00e8res ann\u00e9es ont bien s\u00fbr \u00e9t\u00e9 marqu\u00e9es par la crise du COVID. Les possibilit\u00e9s en ligne ont \u00e9t\u00e9 mieux accept\u00e9es pour le coaching et reconnues comme pr\u00e9cieuses. Aujourd&rsquo;hui, l&rsquo;Institut continue de proposer des opportunit\u00e9s en ligne et ainsi qu\u2019en personne.&nbsp;<\/li>\n\n\n\n<li>Training &amp; Coaching Square refl\u00e8te en permanence les besoins de la soci\u00e9t\u00e9 et des organisations en adaptant constamment ses programmes et son offre. Pendant la pand\u00e9mie, par exemple, le manque de r\u00e9silience \u00e9tait \u00e9lev\u00e9 et le bien-\u00eatre \u00e9tait min\u00e9 par la peur de la maladie. Cette p\u00e9riode, marqu\u00e9e par des doutes et des incertitudes, a r\u00e9v\u00e9l\u00e9 le besoin de coaching pour r\u00e9pondre \u00e0 l&rsquo;appel des individus en qu\u00eate d&rsquo;identit\u00e9 et de raison d&rsquo;\u00eatre, ainsi que pour faciliter des changements d&rsquo;habitudes pour vivre une vie saine et digne.<\/li>\n<\/ul>\n\n\n\n<p><strong>\u00a0<strong>Joingnez vous \u00e0\u00a0l<\/strong>a f\u00eate et construisons un avenir vivable.<\/strong><\/p>\n\n\n\n<div style=\"height:100px\" aria-hidden=\"true\" class=\"wp-block-spacer\"><\/div>\n","protected":false},"excerpt":{"rendered":"<p>Que signifient 20 ans pour Training &amp; Coaching Square ? Nous devenons de plus en plus ce que nous apportons&#8230;<\/p>\n","protected":false},"author":6,"featured_media":4413,"parent":0,"menu_order":0,"comment_status":"closed","ping_status":"closed","template":"","meta":{"footnotes":""},"class_list":["post-4241","page","type-page","status-publish","has-post-thumbnail","hentry"],"_links":{"self":[{"href":"https:\/\/trainingcoachingsquare.be\/coaching-mentoring-academy\/fr\/wp-json\/wp\/v2\/pages\/4241","targetHints":{"allow":["GET"]}}],"collection":[{"href":"https:\/\/trainingcoachingsquare.be\/coaching-mentoring-academy\/fr\/wp-json\/wp\/v2\/pages"}],"about":[{"href":"https:\/\/trainingcoachingsquare.be\/coaching-mentoring-academy\/fr\/wp-json\/wp\/v2\/types\/page"}],"author":[{"embeddable":true,"href":"https:\/\/trainingcoachingsquare.be\/coaching-mentoring-academy\/fr\/wp-json\/wp\/v2\/users\/6"}],"replies":[{"embeddable":true,"href":"https:\/\/trainingcoachingsquare.be\/coaching-mentoring-academy\/fr\/wp-json\/wp\/v2\/comments?post=4241"}],"version-history":[{"count":0,"href":"https:\/\/trainingcoachingsquare.be\/coaching-mentoring-academy\/fr\/wp-json\/wp\/v2\/pages\/4241\/revisions"}],"wp:featuredmedia":[{"embeddable":true,"href":"https:\/\/trainingcoachingsquare.be\/coaching-mentoring-academy\/fr\/wp-json\/wp\/v2\/media\/4413"}],"wp:attachment":[{"href":"https:\/\/trainingcoachingsquare.be\/coaching-mentoring-academy\/fr\/wp-json\/wp\/v2\/media?parent=4241"}],"curies":[{"name":"wp","href":"https:\/\/api.w.org\/{rel}","templated":true}]}}