{"id":618,"date":"2019-09-25T04:54:34","date_gmt":"2019-09-25T04:54:34","guid":{"rendered":"https:\/\/trainingcoachingsquare.be\/coaching-mentoring-academy\/trainings\/"},"modified":"2020-02-17T16:18:07","modified_gmt":"2020-02-17T16:18:07","slug":"trainings","status":"publish","type":"page","link":"https:\/\/trainingcoachingsquare.be\/coaching-mentoring-academy\/fr\/trainings\/","title":{"rendered":"Notre gamme"},"content":{"rendered":"<section id=\"block-trainings-hero-block_5d91db9fba49d\" class=\"c-section -hero -hero \">\n  <div class=\"c-hero__background-trainings\"><\/div>\n  <div class=\"c-hero -trainings\">\n    <div class=\"c-hero__layer\">\n            <img decoding=\"async\" src=\"https:\/\/trainingcoachingsquare.be\/coaching-mentoring-academy\/wp-content\/uploads\/sites\/5\/2019\/10\/trainings@2x-1000x439.jpg\" data-src=\"https:\/\/trainingcoachingsquare.be\/coaching-mentoring-academy\/wp-content\/uploads\/sites\/5\/2019\/10\/trainings@2x-2000x878.jpg\" class=\"c-hero__thumb lazy\" alt=\"trainings@2x\" style=\"object-position: center;\">\n          <\/div>\n    <div class=\"c-hero__inner\">\n      <div class=\"container\">\n        <div class=\"c-hero__content\">\n          <div class=\"c-hero__heading\">\n            \n\n\n\n            <div class=\"row filter-row\">\n              <div class=\"col-md-5\">\n                <h3 class=\"c-hero__inner-filter title\"><\/h3>\n                                  <div class=\"c-hero__inner-filter choice\"><input type=\"checkbox\" name=\"devenircoach\" class=\"c-hero__checkbox-for\" id=\"training-for-devenircoach\"> <label for=\"devenircoach\">Devenir coach<\/label><\/div>\n                                  <div class=\"c-hero__inner-filter choice\"><input type=\"checkbox\" name=\"sp\u00e9cialisercommecoach\" class=\"c-hero__checkbox-for\" id=\"training-for-sp\u00e9cialisercommecoach\"> <label for=\"sp\u00e9cialisercommecoach\">Sp\u00e9cialiser comme coach<\/label><\/div>\n                                  <div class=\"c-hero__inner-filter choice\"><input type=\"checkbox\" name=\"Masterclasses\" class=\"c-hero__checkbox-for\" id=\"training-for-Masterclasses\"> <label for=\"Masterclasses\">Masterclasses<\/label><\/div>\n                                  <div class=\"c-hero__inner-filter choice\"><input type=\"checkbox\" name=\"Base\" class=\"c-hero__checkbox-for\" id=\"training-for-Base\"> <label for=\"Base\">Base<\/label><\/div>\n                                  <div class=\"c-hero__inner-filter choice\"><input type=\"checkbox\" name=\"Coaching\" class=\"c-hero__checkbox-for\" id=\"training-for-Coaching\"> <label for=\"Coaching\">Coaching<\/label><\/div>\n                              <\/div>\n            <\/div>\n\n\n\n          <\/div>\n        <\/div>\n      <\/div>\n    <\/div>\n  <\/div>\n<\/section>\n\n<style type=\"text\/css\">\n  .p-trainings__section.-hero {}\n<\/style>\n\n\n<section id=\"block-trainings-overview-block_5d95f3170fc39\" class=\"c-section -trainings-overview -trainingsTop\">\n  <div class=\"c-trainings\">\n    <div class=\"container\">\n      <div class=\"row\">\n                  \n                      <div class=\"col-sm-4\" data-for=\"devenircoach\" data-category=\"formationsdecoaching\">\n              <a href=\"https:\/\/trainingcoachingsquare.be\/coaching-mentoring-academy\/fr\/trainings\/grow-certified-coach-partie-2\/\" class=\"c-trainings__item c-card\">\n                <div class=\"c-card__thumb\">\n                                    <div class=\"c-card__label\"><div class=\"c-label\"><i><svg viewBox=\"0 0 30 30\"><use xlink:href=\"#icon-calendar\"><\/use><\/svg><\/i><span>11 + 2,5 jours<\/span><\/div><\/div>\n                                                      <img src=data:image\/gif;base64,R0lGODlhAQABAAAAACH5BAEKAAEALAAAAAABAAEAAAICTAEAOw== data-src=\"https:\/\/trainingcoachingsquare.be\/coaching-mentoring-academy\/wp-content\/uploads\/sites\/5\/2019\/10\/tcs-image-6-1000x666.jpeg\" alt=\"Diverse business group having a meeting in boardroom\" class=\"c-card__image lazy\">\n                <\/div>\n                <div class=\"c-card__content\">\n                  <h5 class=\"c-card__heading title-format\">GROW\u00a9 Coach Certifi\u00e9 &#8211; Partie 2<\/h5>\n                  <div class=\"c-card__section\"><span class=\"label-small\">Pour<\/span> <span>Coachs Exp\u00e9riment\u00e9s qui visent la cr\u00e9dibilit\u00e9<\/span><\/div>\n                  <p class=\"c-card__description text-small\">Une cr\u00e9dibilit\u00e9 professionnelle pour les Coachs qui veulent accompagner leurs clients dans une \u00e9volution durable.<\/p>\n                  <div class=\"c-card__control\">\n                    <div class=\"c-link\"><span>Plus d&rsquo;information<\/span><svg viewBox=\"0 0 30 30\"><use xlink:href=\"#icon-down\"><\/use><\/svg><\/div>\n                  <\/div>\n                <\/div>\n              <\/a>\n            <\/div>\n          \n                  \n                      <div class=\"col-sm-4\" data-for=\"devenircoach\" data-category=\"formationsdecoaching\">\n              <a href=\"https:\/\/trainingcoachingsquare.be\/coaching-mentoring-academy\/fr\/trainings\/rootgrow-devenir-coach-certifie-combi\/\" class=\"c-trainings__item c-card\">\n                <div class=\"c-card__thumb\">\n                                    <div class=\"c-card__label\"><div class=\"c-label\"><i><svg viewBox=\"0 0 30 30\"><use xlink:href=\"#icon-calendar\"><\/use><\/svg><\/i><span>17 + 4,5 jours<\/span><\/div><\/div>\n                                                      <img src=data:image\/gif;base64,R0lGODlhAQABAAAAACH5BAEKAAEALAAAAAABAAEAAAICTAEAOw== data-src=\"https:\/\/trainingcoachingsquare.be\/coaching-mentoring-academy\/wp-content\/uploads\/sites\/5\/2019\/10\/AdobeStock_218581157-1-1000x668.jpeg\" alt=\"Senior business man relaxing at cafe\" class=\"c-card__image lazy\">\n                <\/div>\n                <div class=\"c-card__content\">\n                  <h5 class=\"c-card__heading title-format\">COMBI ROOT\u00a9+GROW\u00a9 Coach Certifi\u00e9<\/h5>\n                  <div class=\"c-card__section\"><span class=\"label-small\">Pour<\/span> <span>Business\/HR Managers &#038; (intern) Coaches<\/span><\/div>\n                  <p class=\"c-card__description text-small\">Cette formule combine en un, plus rapide et plus avantageux trajet 1 et 2 du programme ROOT+GROW\u00a9, pour devenir un coach professionnel certifi\u00e9. <\/p>\n                  <div class=\"c-card__control\">\n                    <div class=\"c-link\"><span>Plus d&rsquo;information<\/span><svg viewBox=\"0 0 30 30\"><use xlink:href=\"#icon-down\"><\/use><\/svg><\/div>\n                  <\/div>\n                <\/div>\n              <\/a>\n            <\/div>\n          \n                  \n                      <div class=\"col-sm-4\" data-for=\"sp\u00e9cialisercommecoach\" data-category=\"formationscoaching\">\n              <a href=\"https:\/\/trainingcoachingsquare.be\/coaching-mentoring-academy\/fr\/trainings\/bloom-le-coaching-axe-sur-lidentite-et-le-purpose\/\" class=\"c-trainings__item c-card\">\n                <div class=\"c-card__thumb\">\n                                                      <img src=data:image\/gif;base64,R0lGODlhAQABAAAAACH5BAEKAAEALAAAAAABAAEAAAICTAEAOw== data-src=\"https:\/\/trainingcoachingsquare.be\/coaching-mentoring-academy\/wp-content\/uploads\/sites\/5\/2019\/10\/tcs-image-10-1000x666.jpeg\" alt=\"Business woman in office\" class=\"c-card__image lazy\">\n                <\/div>\n                <div class=\"c-card__content\">\n                  <h5 class=\"c-card__heading title-format\">Bloom\u00a9: Le Coaching ax\u00e9 sur l&rsquo;Identit\u00e9 et le \u2018Purpose\u2019<\/h5>\n                  <div class=\"c-card__section\"><span class=\"label-small\">Pour<\/span> <span>Coachs Professionels <\/span><\/div>\n                  <p class=\"c-card__description text-small\">Un programme r\u00e9volutionnaire pour coacher \u00e9nergiquement sur les th\u00e8mes d&rsquo;\u00e9volution, d&rsquo;identit\u00e9 et de \u2018purpose\u2019.\r\n<\/p>\n                  <div class=\"c-card__control\">\n                    <div class=\"c-link\"><span>Plus d&rsquo;information<\/span><svg viewBox=\"0 0 30 30\"><use xlink:href=\"#icon-down\"><\/use><\/svg><\/div>\n                  <\/div>\n                <\/div>\n              <\/a>\n            <\/div>\n          \n                  \n                      <div class=\"col-sm-4\" data-for=\"sp\u00e9cialisercommecoach\" data-category=\"formationscoaching\">\n              <a href=\"https:\/\/trainingcoachingsquare.be\/coaching-mentoring-academy\/fr\/trainings\/coaching-systemique-base\/\" class=\"c-trainings__item c-card\">\n                <div class=\"c-card__thumb\">\n                                    <div class=\"c-card__label\"><div class=\"c-label\"><i><svg viewBox=\"0 0 30 30\"><use xlink:href=\"#icon-calendar\"><\/use><\/svg><\/i><span>6 jours + 2 Constellations<\/span><\/div><\/div>\n                                                      <img src=data:image\/gif;base64,R0lGODlhAQABAAAAACH5BAEKAAEALAAAAAABAAEAAAICTAEAOw== data-src=\"https:\/\/trainingcoachingsquare.be\/coaching-mentoring-academy\/wp-content\/uploads\/sites\/5\/2019\/10\/tcs-image-13-1000x527.jpeg\" alt=\"Business people conference in modern meeting room\" class=\"c-card__image lazy\">\n                <\/div>\n                <div class=\"c-card__content\">\n                  <h5 class=\"c-card__heading title-format\">Coaching syst\u00e9mique et gestion des transformations individuelles et organisationnelles &#8211; principes de base<\/h5>\n                  <div class=\"c-card__section\"><span class=\"label-small\">Pour<\/span> <span>Coachs<\/span><\/div>\n                  <p class=\"c-card__description text-small\">S&#8217;emparer de l&rsquo;invisible courant sous-jacent dans les organisations.<\/p>\n                  <div class=\"c-card__control\">\n                    <div class=\"c-link\"><span>Plus d&rsquo;information<\/span><svg viewBox=\"0 0 30 30\"><use xlink:href=\"#icon-down\"><\/use><\/svg><\/div>\n                  <\/div>\n                <\/div>\n              <\/a>\n            <\/div>\n          \n                  \n                      <div class=\"col-sm-4\" data-for=\"sp\u00e9cialisercommecoach\" data-category=\"formationscoaching\">\n              <a href=\"https:\/\/trainingcoachingsquare.be\/coaching-mentoring-academy\/fr\/trainings\/coaching-systemique-approfondissement\/\" class=\"c-trainings__item c-card\">\n                <div class=\"c-card__thumb\">\n                                                      <img src=data:image\/gif;base64,R0lGODlhAQABAAAAACH5BAEKAAEALAAAAAABAAEAAAICTAEAOw== data-src=\"https:\/\/trainingcoachingsquare.be\/coaching-mentoring-academy\/wp-content\/uploads\/sites\/5\/2019\/10\/AdobeStock_249595652-1000x668.jpeg\" alt=\"Man correct glasses and holding telephone in hand\" class=\"c-card__image lazy\">\n                <\/div>\n                <div class=\"c-card__content\">\n                  <h5 class=\"c-card__heading title-format\">Coaching syst\u00e9mique et gestion des transformations individuelles et organisationnelles &#8211; Approfondissement<\/h5>\n                  <div class=\"c-card__section\"><span class=\"label-small\">Pour<\/span> <span>D\u00e9j\u00e0 suivi les principes de base<\/span><\/div>\n                  <p class=\"c-card__description text-small\">Cette approche avanc\u00e9e facilite la transformation au sein des organisations &#8211; manager per manager. Leadership et transformation dans la complexit\u00e9: pr\u00e9parez votre organisation pour \u201cle jour d\u2019apr\u00e8s\u201d. <\/p>\n                  <div class=\"c-card__control\">\n                    <div class=\"c-link\"><span>Plus d&rsquo;information<\/span><svg viewBox=\"0 0 30 30\"><use xlink:href=\"#icon-down\"><\/use><\/svg><\/div>\n                  <\/div>\n                <\/div>\n              <\/a>\n            <\/div>\n          \n                  \n                      <div class=\"col-sm-4\" data-for=\"sp\u00e9cialisercommecoach\" data-category=\"coaching\">\n              <a href=\"https:\/\/trainingcoachingsquare.be\/coaching-mentoring-academy\/fr\/trainings\/constellations-systemiques\/\" class=\"c-trainings__item c-card\">\n                <div class=\"c-card__thumb\">\n                                    <div class=\"c-card__label\"><div class=\"c-label\"><i><svg viewBox=\"0 0 30 30\"><use xlink:href=\"#icon-calendar\"><\/use><\/svg><\/i><span>1 jour<\/span><\/div><\/div>\n                                                      <img src=data:image\/gif;base64,R0lGODlhAQABAAAAACH5BAEKAAEALAAAAAABAAEAAAICTAEAOw== data-src=\"https:\/\/trainingcoachingsquare.be\/coaching-mentoring-academy\/wp-content\/uploads\/sites\/5\/2019\/10\/2_6-1-1000x702.jpg\" alt=\"2_6\" class=\"c-card__image lazy\">\n                <\/div>\n                <div class=\"c-card__content\">\n                  <h5 class=\"c-card__heading title-format\">Constellations Syst\u00e9miques<\/h5>\n                  <div class=\"c-card__section\"><span class=\"label-small\">Pour<\/span> <span>Coachs et leurs clients<\/span><\/div>\n                  <p class=\"c-card__description text-small\">Le coaching syst\u00e9mique sur la base de cas r\u00e9els.<\/p>\n                  <div class=\"c-card__control\">\n                    <div class=\"c-link\"><span>Plus d&rsquo;information<\/span><svg viewBox=\"0 0 30 30\"><use xlink:href=\"#icon-down\"><\/use><\/svg><\/div>\n                  <\/div>\n                <\/div>\n              <\/a>\n            <\/div>\n          \n                  \n                      <div class=\"col-sm-4\" data-for=\"sp\u00e9cialisercommecoach\" data-category=\"impactcredibilite\">\n              <a href=\"https:\/\/trainingcoachingsquare.be\/coaching-mentoring-academy\/fr\/trainings\/dynamiques-dequipe-en-coaching-et-management\/\" class=\"c-trainings__item c-card\">\n                <div class=\"c-card__thumb\">\n                                    <div class=\"c-card__label\"><div class=\"c-label\"><i><svg viewBox=\"0 0 30 30\"><use xlink:href=\"#icon-calendar\"><\/use><\/svg><\/i><span>6 jours<\/span><\/div><\/div>\n                                                      <img src=data:image\/gif;base64,R0lGODlhAQABAAAAACH5BAEKAAEALAAAAAABAAEAAAICTAEAOw== data-src=\"https:\/\/trainingcoachingsquare.be\/coaching-mentoring-academy\/wp-content\/uploads\/sites\/5\/2021\/09\/teamwork-3213924_1920-1000x630.jpg\" alt=\"teamwork-3213924_1920\" class=\"c-card__image lazy\">\n                <\/div>\n                <div class=\"c-card__content\">\n                  <h5 class=\"c-card__heading title-format\">Dynamiques d&rsquo;\u00c9quipe en Coaching et Management<\/h5>\n                  <div class=\"c-card__section\"><span class=\"label-small\">Pour<\/span> <span>Managers, \u00e9quipes RH &#8230;<\/span><\/div>\n                  <p class=\"c-card__description text-small\">L&rsquo;acronyme TEAM (Together Everyone Achieves More) est bien connu de tous. La question est : comment pouvons-nous, en tant que leaders, coachs, consultants ou mentors, transformer cette id\u00e9e en r\u00e9alit\u00e9 et exercer un impact significatif ?<\/p>\n                  <div class=\"c-card__control\">\n                    <div class=\"c-link\"><span>Plus d&rsquo;information<\/span><svg viewBox=\"0 0 30 30\"><use xlink:href=\"#icon-down\"><\/use><\/svg><\/div>\n                  <\/div>\n                <\/div>\n              <\/a>\n            <\/div>\n          \n                  \n                      <div class=\"col-sm-4\" data-for=\"Masterclasses\" data-category=\"impactcredibilite\">\n              <a href=\"https:\/\/trainingcoachingsquare.be\/coaching-mentoring-academy\/fr\/trainings\/coacher-et-manager-avec-lenneagramme\/\" class=\"c-trainings__item c-card\">\n                <div class=\"c-card__thumb\">\n                                                      <img src=data:image\/gif;base64,R0lGODlhAQABAAAAACH5BAEKAAEALAAAAAABAAEAAAICTAEAOw== data-src=\"https:\/\/trainingcoachingsquare.be\/coaching-mentoring-academy\/wp-content\/uploads\/sites\/5\/2019\/10\/2_5.jpg\" alt=\"2_5\" class=\"c-card__image lazy\">\n                <\/div>\n                <div class=\"c-card__content\">\n                  <h5 class=\"c-card__heading title-format\">Coacher et manager avec l&rsquo;Enn\u00e9agramme<\/h5>\n                  <div class=\"c-card__section\"><span class=\"label-small\">Pour<\/span> <span>Coachs, leaders qui veulent apprendre \u00e0 travailler avec cet outil<\/span><\/div>\n                  <p class=\"c-card__description text-small\">Menez une trajectoire Enn\u00e9agramme et approfondissez vos connaissances des paradoxes, s\u00e9curit\u00e9s et ins\u00e9curit\u00e9s de chaque Type.<\/p>\n                  <div class=\"c-card__control\">\n                    <div class=\"c-link\"><span>Plus d&rsquo;information<\/span><svg viewBox=\"0 0 30 30\"><use xlink:href=\"#icon-down\"><\/use><\/svg><\/div>\n                  <\/div>\n                <\/div>\n              <\/a>\n            <\/div>\n          \n                  \n                      <div class=\"col-sm-4\" data-for=\"devenircoach\" data-category=\"formationsdecoaching\">\n              <a href=\"https:\/\/trainingcoachingsquare.be\/coaching-mentoring-academy\/fr\/trainings\/root-certified-coach-partie-1\/\" class=\"c-trainings__item c-card\">\n                <div class=\"c-card__thumb\">\n                                    <div class=\"c-card__label\"><div class=\"c-label\"><i><svg viewBox=\"0 0 30 30\"><use xlink:href=\"#icon-calendar\"><\/use><\/svg><\/i><span>8 + 2.5 jours<\/span><\/div><\/div>\n                                                      <img src=data:image\/gif;base64,R0lGODlhAQABAAAAACH5BAEKAAEALAAAAAABAAEAAAICTAEAOw== data-src=\"https:\/\/trainingcoachingsquare.be\/coaching-mentoring-academy\/wp-content\/uploads\/sites\/5\/2019\/10\/tcs-image-30-1-1000x562.jpeg\" alt=\"tcs-image-30\" class=\"c-card__image lazy\">\n                <\/div>\n                <div class=\"c-card__content\">\n                  <h5 class=\"c-card__heading title-format\">ROOT\u00a9 Coach Certifi\u00e9 &#8211; Partie 1<\/h5>\n                  <div class=\"c-card__section\"><span class=\"label-small\">Pour<\/span> <span>Coachs (en devenir)<\/span><\/div>\n                  <p class=\"c-card__description text-small\">La formation de qualit\u00e9 pour les Coachs qui veulent accompagner\r\nleurs clients dans le d\u00e9veloppement de leurs comp\u00e9tences.\r\n<\/p>\n                  <div class=\"c-card__control\">\n                    <div class=\"c-link\"><span>Plus d&rsquo;information<\/span><svg viewBox=\"0 0 30 30\"><use xlink:href=\"#icon-down\"><\/use><\/svg><\/div>\n                  <\/div>\n                <\/div>\n              <\/a>\n            <\/div>\n          \n                  \n                      <div class=\"col-sm-4\" data-for=\"Coaching\" data-category=\"formationsdecoaching\">\n              <a href=\"https:\/\/trainingcoachingsquare.be\/coaching-mentoring-academy\/fr\/trainings\/module-dintegration\/\" class=\"c-trainings__item c-card\">\n                <div class=\"c-card__thumb\">\n                                    <div class=\"c-card__label\"><div class=\"c-label\"><i><svg viewBox=\"0 0 30 30\"><use xlink:href=\"#icon-calendar\"><\/use><\/svg><\/i><span>1 jour + 2 x demi-journ\u00e9es<\/span><\/div><\/div>\n                                                      <img src=data:image\/gif;base64,R0lGODlhAQABAAAAACH5BAEKAAEALAAAAAABAAEAAAICTAEAOw== data-src=\"https:\/\/trainingcoachingsquare.be\/coaching-mentoring-academy\/wp-content\/uploads\/sites\/5\/2019\/10\/tcs-image-5-1000x667.jpeg\" alt=\"Always perfect. Gorgeous woman in smart casual wear keeping arms crossed and looking at camera while standing against grey background\" class=\"c-card__image lazy\">\n                <\/div>\n                <div class=\"c-card__content\">\n                  <h5 class=\"c-card__heading title-format\">Module de supervision + ICF coach mentoring<\/h5>\n                  <div class=\"c-card__section\"><span class=\"label-small\">Pour<\/span> <span>A suivi le programme GROW ou Combi<\/span><\/div>\n                  <p class=\"c-card__description text-small\">Vous devrez d\u00e9montrer les comp\u00e9tences de base du Coach sur lesquelles vous serez \u00e9valu\u00e9. Vous aurez ensuite un acc\u00e8s direct \u00e0 votre demande d\u2019accr\u00e9ditation : Accredited Certified Coach\u00a0 (ACC) ou votre Professional Certified Coach (PCC)\u00a0 aupr\u00e8s de l&rsquo;International Coach Federation (ICF), la plus grande et la plus ancienne f\u00e9d\u00e9ration de coaching au monde. Ceci est un v\u00e9ritable atout pour votre cr\u00e9dibilit\u00e9 en tant que Coach.<\/p>\n                  <div class=\"c-card__control\">\n                    <div class=\"c-link\"><span>Plus d&rsquo;information<\/span><svg viewBox=\"0 0 30 30\"><use xlink:href=\"#icon-down\"><\/use><\/svg><\/div>\n                  <\/div>\n                <\/div>\n              <\/a>\n            <\/div>\n          \n              <\/div>\n    <\/div>\n  <\/div>\n  <div class=\"c-trainings__spacer\"><\/div>\n<\/section>\n\n\n<section id=\"block-cta-block_5d944875ecc31\" class=\"c-section -cta \">\n  <div class=\"c-cta\">\n    <div class=\"c-cta__inner lazy -lazyNoBlur\" data-bg=\"url(https:\/\/trainingcoachingsquare.be\/coaching-mentoring-academy\/wp-content\/uploads\/sites\/5\/2019\/10\/1-2-1600x492.jpg)\">\n      <div class=\"container\">\n        <div class=\"row\">\n          <div class=\"col-md-10 col-md-offset-1\">\n            <div class=\"c-cta__content\">\n              <div class=\"c-cta__text\">\n                <h4 class=\"c-cta__heading\">Vous avez une question ?<\/h4>\n                <p class=\"c-cta__description text-xlarge\"><\/p>\n              <\/div>\n              <div class=\"c-cta__button\">\n                \t\t\t\t\t\t    <a class=\"c-button -primary -large -greenDark\" href=\"https:\/\/trainingcoachingsquare.be\/coaching-mentoring-academy\/fr\/contact\/\">Contactez-nous<\/a>\n\t\t\t\t\t\t                  <\/div>\n            <\/div>\n          <\/div>\n        <\/div>\n      <\/div>\n    <\/div>\n  <\/div>\n<\/section>\n\n\n<style type=\"text\/css\">\n\n<\/style>\n","protected":false},"excerpt":{"rendered":"","protected":false},"author":6,"featured_media":0,"parent":0,"menu_order":0,"comment_status":"closed","ping_status":"closed","template":"","meta":{"footnotes":""},"class_list":["post-618","page","type-page","status-publish","hentry"],"_links":{"self":[{"href":"https:\/\/trainingcoachingsquare.be\/coaching-mentoring-academy\/fr\/wp-json\/wp\/v2\/pages\/618","targetHints":{"allow":["GET"]}}],"collection":[{"href":"https:\/\/trainingcoachingsquare.be\/coaching-mentoring-academy\/fr\/wp-json\/wp\/v2\/pages"}],"about":[{"href":"https:\/\/trainingcoachingsquare.be\/coaching-mentoring-academy\/fr\/wp-json\/wp\/v2\/types\/page"}],"author":[{"embeddable":true,"href":"https:\/\/trainingcoachingsquare.be\/coaching-mentoring-academy\/fr\/wp-json\/wp\/v2\/users\/6"}],"replies":[{"embeddable":true,"href":"https:\/\/trainingcoachingsquare.be\/coaching-mentoring-academy\/fr\/wp-json\/wp\/v2\/comments?post=618"}],"version-history":[{"count":0,"href":"https:\/\/trainingcoachingsquare.be\/coaching-mentoring-academy\/fr\/wp-json\/wp\/v2\/pages\/618\/revisions"}],"wp:attachment":[{"href":"https:\/\/trainingcoachingsquare.be\/coaching-mentoring-academy\/fr\/wp-json\/wp\/v2\/media?parent=618"}],"curies":[{"name":"wp","href":"https:\/\/api.w.org\/{rel}","templated":true}]}}